{"id":821,"date":"2024-03-27T02:13:09","date_gmt":"2024-03-27T02:13:09","guid":{"rendered":"https:\/\/thechat.demoweb.vip\/?page_id=821"},"modified":"2024-03-27T02:13:09","modified_gmt":"2024-03-27T02:13:09","slug":"phong-dao-tao-quan-ly-nguoi-hoc","status":"publish","type":"page","link":"https:\/\/ttgdtc.vnu.edu.vn\/en\/phong-chuc-nang\/phong-dao-tao-quan-ly-nguoi-hoc\/","title":{"rendered":"Ph\u00f2ng \u0111\u00e0o t\u1ea1o &#038; qu\u1ea3n l\u00fd ng\u01b0\u1eddi h\u1ecdc"},"content":{"rendered":"","protected":false},"excerpt":{"rendered":"","protected":false},"author":1,"featured_media":0,"parent":817,"menu_order":0,"comment_status":"closed","ping_status":"closed","template":"page-blank.php","meta":{"passster_activate_protection":false,"passster_protect_child_pages":"","passster_protection_type":"password","passster_password":"","passster_activate_overwrite_defaults":"","passster_headline":"","passster_instruction":"","passster_placeholder":"","passster_button":"","passster_id":"","passster_activate_misc_settings":"","passster_redirect_url":"","passster_hide":"no","passster_area_shortcode":"","footnotes":""},"class_list":["post-821","page","type-page","status-publish","hentry"],"_links":{"self":[{"href":"https:\/\/ttgdtc.vnu.edu.vn\/en\/wp-json\/wp\/v2\/pages\/821","targetHints":{"allow":["GET"]}}],"collection":[{"href":"https:\/\/ttgdtc.vnu.edu.vn\/en\/wp-json\/wp\/v2\/pages"}],"about":[{"href":"https:\/\/ttgdtc.vnu.edu.vn\/en\/wp-json\/wp\/v2\/types\/page"}],"author":[{"embeddable":true,"href":"https:\/\/ttgdtc.vnu.edu.vn\/en\/wp-json\/wp\/v2\/users\/1"}],"replies":[{"embeddable":true,"href":"https:\/\/ttgdtc.vnu.edu.vn\/en\/wp-json\/wp\/v2\/comments?post=821"}],"version-history":[{"count":1,"href":"https:\/\/ttgdtc.vnu.edu.vn\/en\/wp-json\/wp\/v2\/pages\/821\/revisions"}],"predecessor-version":[{"id":822,"href":"https:\/\/ttgdtc.vnu.edu.vn\/en\/wp-json\/wp\/v2\/pages\/821\/revisions\/822"}],"up":[{"embeddable":true,"href":"https:\/\/ttgdtc.vnu.edu.vn\/en\/wp-json\/wp\/v2\/pages\/817"}],"wp:attachment":[{"href":"https:\/\/ttgdtc.vnu.edu.vn\/en\/wp-json\/wp\/v2\/media?parent=821"}],"curies":[{"name":"wp","href":"https:\/\/api.w.org\/{rel}","templated":true}]}}