{"id":844,"date":"2024-03-28T01:43:46","date_gmt":"2024-03-28T01:43:46","guid":{"rendered":"https:\/\/thechat.demoweb.vip\/?page_id=844"},"modified":"2024-03-28T01:50:29","modified_gmt":"2024-03-28T01:50:29","slug":"qua-trinh-phat-trien","status":"publish","type":"page","link":"https:\/\/ttgdtc.vnu.edu.vn\/en\/qua-trinh-phat-trien\/","title":{"rendered":"Qu\u00e1 tr\u00ecnh ph\u00e1t tri\u1ec3n"},"content":{"rendered":"\t<section class=\"section\" id=\"section_1993022228\">\n\t\t<div class=\"bg section-bg fill bg-fill  bg-loaded\" >\n\n\t\t\t\n\t\t\t\n\t\t\t\n\n\t\t<\/div>\n\n\t\t\n\n\t\t<div class=\"section-content relative\">\n\t\t\t\n<div class=\"row\"  id=\"row-1052145078\">\n\n\t<div id=\"col-523990820\" class=\"col hide-for-medium medium-2 small-12 large-2\"  >\n\t\t\t\t<div class=\"col-inner\"  >\n\t\t\t\n\t\t\t\n\t\t<\/div>\n\t\t\t\t\t<\/div>\n\n\t\n\n\t<div id=\"col-1880985897\" class=\"col medium-8 small-12 large-8\"  >\n\t\t\t\t<div class=\"col-inner\"  >\n\t\t\t\n\t\t\t\n<p style=\"text-align: justify;\">Trung t\u00e2m Gi\u00e1o d\u1ee5c Th\u1ec3 ch\u1ea5t v\u00e0 Th\u1ec3 thao l\u00e0 \u0111\u01a1n v\u1ecb \u0111\u00e0o t\u1ea1o tr\u1ef1c thu\u1ed9c \u0110HQGHN, \u0111\u01b0\u1ee3c th\u00e0nh l\u1eadp theo Quy\u1ebft \u0111\u1ecbnh s\u1ed1 1652\/Q\u0110-TCCB ng\u00e0y 4\/5\/2009 c\u1ee7a Gi\u00e1m \u0111\u1ed1c \u0110HQGHN, tr\u00ean c\u01a1 s\u1edf s\u00e1p nh\u1eadp v\u00e0 t\u1ed5 ch\u1ee9c l\u1ea1i c\u00e1c B\u1ed9 m\u00f4n Gi\u00e1o d\u1ee5c Th\u1ec3 ch\u1ea5t thu\u1ed9c Tr\u01b0\u1eddng \u0110\u1ea1i h\u1ecdc Khoa h\u1ecdc T\u1ef1 nhi\u00ean, Tr\u01b0\u1eddng \u0110\u1ea1i h\u1ecdc Khoa h\u1ecdc X\u00e3 h\u1ed9i v\u00e0 Nh\u00e2n v\u0103n v\u00e0 Tr\u01b0\u1eddng \u0110\u1ea1i h\u1ecdc Ngo\u1ea1i ng\u1eef. \u0110\u01a1n v\u1ecb c\u00f3 ch\u1ee9c n\u0103ng gi\u1ea3ng d\u1ea1y m\u00f4n Gi\u00e1o d\u1ee5c Th\u1ec3 ch\u1ea5t trong t\u1ea5t c\u1ea3 c\u00e1c ch\u01b0\u01a1ng tr\u00ecnh \u0111\u00e0o t\u1ea1o b\u1eadc \u0111\u1ea1i h\u1ecdc, trung h\u1ecdc ph\u1ed5 th\u00f4ng chuy\u00ean thu\u1ed9c \u0110HQGHN v\u00e0 c\u00e1c \u0111\u01a1n v\u1ecb theo y\u00eau c\u1ea7u v\u00e0 kh\u1ea3 n\u0103ng c\u1ee7a Trung t\u00e2m; l\u00e0m \u0111\u1ea7u m\u1ed1i t\u1ed5 ch\u1ee9c c\u00e1c ho\u1ea1t \u0111\u1ed9ng th\u1ec3 d\u1ee5c th\u1ec3 thao, thi \u0111\u1ea5u th\u1ec3 d\u1ee5c th\u1ec3 thao theo y\u00eau c\u1ea7u nhi\u1ec7m v\u1ee5.<\/p>\n<p style=\"text-align: justify;\"><img loading=\"lazy\" decoding=\"async\" class=\"aligncenter wp-image-847 size-full\" src=\"http:\/\/thechat.demoweb.vip\/wp-content\/uploads\/2024\/03\/Untitled-24.png\" alt=\"\" width=\"626\" height=\"410\" srcset=\"https:\/\/ttgdtc.vnu.edu.vn\/wp-content\/uploads\/2024\/03\/Untitled-24.png 626w, https:\/\/ttgdtc.vnu.edu.vn\/wp-content\/uploads\/2024\/03\/Untitled-24-611x400.png 611w, https:\/\/ttgdtc.vnu.edu.vn\/wp-content\/uploads\/2024\/03\/Untitled-24-600x393.png 600w\" sizes=\"auto, (max-width: 626px) 100vw, 626px\" \/><\/p>\n<p style=\"text-align: justify;\">Ch\u01b0\u01a1ng tr\u00ecnh GDTC chu\u1ea9n c\u1ee7a \u0110HQGHN g\u1ed3m 25 \u0111\u1ec1 c\u01b0\u01a1ng m\u00f4n h\u1ecdc, ri\u00eang ch\u01b0\u01a1ng tr\u00ecnh cho sinh vi\u00ean h\u1ecdc t\u1ea1i H\u00f2a L\u1ea1c \u0111\u01b0\u1ee3c thi\u1ebft k\u1ebf 32 \u0111\u1ec1 c\u01b0\u01a1ng m\u00f4n h\u1ecdc. Trong \u0111\u00f3, c\u00e1c m\u00f4n th\u1ec3 thao d\u00e2n t\u1ed9c v\u00e0 tr\u00f2 ch\u01a1i d\u00e2n gian d\u1ef1 ki\u1ebfn s\u1ebd \u0111\u01b0\u1ee3c Trung t\u00e2m Gi\u00e1o d\u1ee5c Th\u1ec3 ch\u1ea5t v\u00e0 Th\u1ec3 thao \u0111\u01b0a v\u00e0o gi\u1ea3ng d\u1ea1y g\u1ed3m c\u00f3: V\u00f5 c\u1ed5 truy\u1ec1n, b\u1eafn cung, nh\u1ea3y s\u1ea1p, \u0111ua thuy\u1ec1n, n\u00e9m c\u00f2n, k\u00e9o co, \u0111\u1ea9y g\u1eady, \u0111i c\u00e0 kheo\u2026 \u0110HQGHN x\u00e1c \u0111\u1ecbnh m\u00f4 h\u00ecnh gi\u00e1o d\u1ee5c to\u00e0n di\u1ec7n cho sinh vi\u00ean \u0110HQGHN tr\u00ean khu \u0111\u00f4 th\u1ecb \u0110HQGHN t\u1ea1i H\u00f2a L\u1ea1c g\u1ed3m 3 to\u00e0n di\u1ec7n KH\u1eceE V\u1ec0 TH\u1ec2 CH\u1ea4T \u2013 M\u1ea0NH V\u1ec0 TINH TH\u1ea6N \u2013 GI\u1eceI V\u1ec0 K\u1ef8 N\u0102NG X\u00c3 H\u1ed8I.<\/p>\n<p style=\"text-align: justify;\"><img loading=\"lazy\" decoding=\"async\" class=\"aligncenter wp-image-848 size-full\" src=\"http:\/\/thechat.demoweb.vip\/wp-content\/uploads\/2024\/03\/Untitled-25.png\" alt=\"\" width=\"626\" height=\"416\" srcset=\"https:\/\/ttgdtc.vnu.edu.vn\/wp-content\/uploads\/2024\/03\/Untitled-25.png 626w, https:\/\/ttgdtc.vnu.edu.vn\/wp-content\/uploads\/2024\/03\/Untitled-25-602x400.png 602w, https:\/\/ttgdtc.vnu.edu.vn\/wp-content\/uploads\/2024\/03\/Untitled-25-600x399.png 600w\" sizes=\"auto, (max-width: 626px) 100vw, 626px\" \/><\/p>\n<p style=\"text-align: justify;\">\u0110\u1ebfn nay, m\u1ed7i n\u0103m Trung t\u00e2m th\u1ef1c hi\u1ec7n gi\u1ea3ng d\u1ea1y cho kho\u1ea3ng 50.000 l\u01b0\u1ee3t sinh vi\u00ean h\u1ec7 ch\u00ednh quy c\u1ee7a c\u00e1c \u0111\u01a1n v\u1ecb \u0111\u00e0o t\u1ea1o th\u00e0nh vi\u00ean v\u00e0 tr\u1ef1c thu\u1ed9c. Trung t\u00e2m c\u0169ng \u0111\u00e3 \u0111\u1ea1t \u0111\u01b0\u1ee3c nhi\u1ec1u b\u1eb1ng khen c\u1ea5p \u0110\u1ea1i h\u1ecdc Qu\u1ed1c gia H\u00e0 N\u1ed9i v\u00e0 c\u1ee7a B\u1ed9 v\u0103n h\u00f3a th\u1ec3 thao du l\u1ecbch. Trong th\u1eddi gian di\u1ec5n ra d\u1ecbch b\u1ec7nh covid, Trung t\u00e2m Gi\u00e1o d\u1ee5c Th\u1ec3 ch\u1ea5t v\u00e0 Th\u1ec3 thao, \u0110HQGHN l\u00e0 m\u1ed9t trong nh\u1eefng \u0111\u01a1n v\u1ecb ti\u00ean phong tr\u00ean c\u1ea3 n\u01b0\u1edbc gi\u1ea3ng d\u1ea1y m\u00f4n h\u1ecdc gi\u00e1o d\u1ee5c th\u1ec3 ch\u1ea5t online. B\u00ean c\u1ea1nh \u0111\u00f3, Trung t\u00e2m c\u0169ng \u0111\u00e3 x\u00e2y d\u1ef1ng k\u00eanh Youtube ThethaoVNU v\u00e0 s\u1ed1 h\u00f3a to\u00e0n b\u1ed9 b\u00e0i gi\u1ea3ng m\u00f4n h\u1ecdc GDTC \u0111\u0103ng t\u1ea3i l\u00ean k\u00eanh. To\u00e0n b\u1ed9 c\u00e1c b\u00e0i gi\u1ea3ng s\u1ed1 h\u00f3a \u0111\u00e3 \u0111\u01b0\u1ee3c sinh vi\u00ean \u0110HQGHN n\u00f3i ri\u00eang v\u00e0 sinh vi\u00ean c\u1ea3 n\u01b0\u1edbc n\u00f3i chung \u0111\u00f3n nh\u1eadn m\u1ed9t c\u00e1ch t\u00edch c\u1ef1c. \u0110\u1eb7c bi\u1ec7t, Trung t\u00e2m Gi\u00e1o d\u1ee5c Th\u1ec3 ch\u1ea5t v\u00e0 Th\u1ec3 thao c\u0169ng l\u00e0 m\u1ed9t trong nh\u1eefng \u0111\u01a1n v\u1ecb \u0111\u00e0o t\u1ea1o c\u00f4ng l\u1eadp \u0111\u1ea7u ti\u00ean tr\u00ean c\u1ea3 n\u01b0\u1edbc \u0111\u01b0a m\u00f4n golf v\u00e0o gi\u1ea3ng d\u1ea1y cho sinh vi\u00ean \u0110HQGHN.<\/p>\n<p style=\"text-align: justify;\"><img loading=\"lazy\" decoding=\"async\" class=\"aligncenter wp-image-849 size-full\" src=\"http:\/\/thechat.demoweb.vip\/wp-content\/uploads\/2024\/03\/Untitled-26.png\" alt=\"\" width=\"626\" height=\"508\" srcset=\"https:\/\/ttgdtc.vnu.edu.vn\/wp-content\/uploads\/2024\/03\/Untitled-26.png 626w, https:\/\/ttgdtc.vnu.edu.vn\/wp-content\/uploads\/2024\/03\/Untitled-26-493x400.png 493w, https:\/\/ttgdtc.vnu.edu.vn\/wp-content\/uploads\/2024\/03\/Untitled-26-600x487.png 600w\" sizes=\"auto, (max-width: 626px) 100vw, 626px\" \/><\/p>\n<p style=\"text-align: justify;\">C\u00e1c l\u1edbp h\u1ecdc Gi\u00e1o d\u1ee5c th\u1ec3 ch\u1ea5t theo ch\u01b0\u01a1ng tr\u00ecnh ph\u00e1t tri\u1ec3n to\u00e0n di\u1ec7n cho sinh vi\u00ean \u0110HQGHN t\u1ea1i H\u00f2a L\u1ea1c \u0111\u01b0\u1ee3c c\u01a1 c\u1ea5u theo m\u00f4 h\u00ecnh c\u00e2u l\u1ea1c b\u1ed9 v\u00e0 \u0111\u01b0\u1ee3c t\u1ed5 ch\u1ee9c gi\u1ea3ng d\u1ea1y theo h\u00ecnh th\u1ee9c \u0111\u1ed9i nh\u00f3m nh\u1eb1m ph\u00e1t tri\u1ec3n n\u0103ng l\u1ef1c s\u1edf tr\u01b0\u1eddng, t\u1ea1o h\u1ee9ng th\u00fa, duy tr\u00ec th\u00f3i quen t\u1eadp luy\u1ec7n th\u01b0\u1eddng xuy\u00ean. Vi\u1ec7c ki\u1ec3m tra \u0111\u00e1nh gi\u00e1 s\u1ebd \u0111\u01b0\u1ee3c t\u1ed5 ch\u1ee9c theo h\u00ecnh th\u1ee9c thi \u0111\u1ea5u, bi\u1ec3u di\u1ec5n \u0111\u1ed9i nh\u00f3m, nh\u1eb1m ph\u00e1t tri\u1ec3n kh\u1ea3 n\u0103ng ph\u1ed1i h\u1ee3p, t\u00ednh s\u00e1ng t\u1ea1o c\u1ee7a sinh vi\u00ean. \u0110\u1eb7c bi\u1ec7t \u01b0u ti\u00ean ph\u00e1t tri\u1ec3n v\u00f5 c\u1ed5 truy\u1ec1n v\u00e0 c\u00e1c m\u00f4n th\u1ec3 thao d\u00e2n t\u1ed9c; Khuy\u1ebfn kh\u00edch, t\u1ea1o \u0111i\u1ec1u ki\u1ec7n thu\u1eadn l\u1ee3i \u0111\u1ec3 ph\u00e1t tri\u1ec3n m\u00f4n v\u00f5 c\u1ed5 truy\u1ec1n v\u00e0 c\u00e1c m\u00f4n th\u1ec3 thao d\u00e2n t\u1ed9c; th\u00e0nh l\u1eadp c\u00e2u l\u1ea1c b\u1ed9 th\u1ec3 thao c\u1ee7a h\u1ecdc sinh, sinh vi\u00ean.<\/p>\n<p style=\"text-align: justify;\"><img loading=\"lazy\" decoding=\"async\" class=\"aligncenter wp-image-850 size-full\" src=\"http:\/\/thechat.demoweb.vip\/wp-content\/uploads\/2024\/03\/Untitled-27.png\" alt=\"\" width=\"626\" height=\"415\" srcset=\"https:\/\/ttgdtc.vnu.edu.vn\/wp-content\/uploads\/2024\/03\/Untitled-27.png 626w, https:\/\/ttgdtc.vnu.edu.vn\/wp-content\/uploads\/2024\/03\/Untitled-27-603x400.png 603w, https:\/\/ttgdtc.vnu.edu.vn\/wp-content\/uploads\/2024\/03\/Untitled-27-600x398.png 600w\" sizes=\"auto, (max-width: 626px) 100vw, 626px\" \/><\/p>\n<p style=\"text-align: justify;\">Vi\u1ec7c \u0111\u01b0a c\u00e1c m\u00f4n th\u1ec3 thao d\u00e2n t\u1ed9c v\u00e0 tr\u00f2 ch\u01a1i d\u00e2n gian v\u00e0o ch\u01b0\u01a1ng tr\u00ecnh gi\u00e1o d\u1ee5c th\u1ec3 ch\u1ea5t cho sinh vi\u00ean \u0110HQGHN \u0111\u00e3 \u0111\u01b0\u1ee3c Trung t\u00e2m ph\u00e2n \u0111\u1ecbnh r\u00f5 m\u1ee5c ti\u00eau h\u1ecdc t\u1eadp l\u00e0 x\u00e1c \u0111\u1ecbnh m\u1ee5c ti\u00eau c\u1ee7a c\u00e1c m\u00f4n th\u1ec3 thao d\u00e2n t\u1ed9c v\u00e0 tr\u00f2 ch\u01a1i d\u00e2n gian trong ch\u01b0\u01a1ng tr\u00ecnh. N\u00e2ng cao hi\u1ec3u bi\u1ebft v\u1ec1 c\u00e1c m\u00f4n th\u1ec3 thao d\u00e2n t\u1ed9c v\u00e0 tr\u00f2 ch\u01a1i d\u00e2n gian. Cung c\u1ea5p ki\u1ebfn th\u1ee9c c\u01a1 b\u1ea3n v\u1ec1 l\u1ecbch s\u1eed, t\u01b0 t\u01b0\u1edfng tri\u1ebft h\u1ecdc, gi\u00e1 tr\u1ecb v\u0103n h\u00f3a v\u00e0 nh\u1eefng nguy\u00ean l\u00fd c\u0103n b\u1ea3n trong c\u00e1c m\u00f4n th\u1ec3 thao d\u00e2n t\u1ed9c v\u00e0 tr\u00f2 ch\u01a1i d\u00e2n gian. \u0110i\u1ec1u n\u00e0y gi\u00fap sinh vi\u00ean hi\u1ec3u v\u1ec1 ngu\u1ed3n g\u1ed1c, \u00fd ngh\u0129a v\u00e0 v\u0103n h\u00f3a c\u1ee7a c\u00e1c m\u00f4n th\u1ec3 thao d\u00e2n t\u1ed9c v\u00e0 tr\u00f2 ch\u01a1i d\u00e2n gian, c\u0169ng nh\u01b0 c\u00f3 kh\u1ea3 n\u0103ng th\u1ef1c h\u00e0nh v\u00e0 r\u00e8n luy\u1ec7n k\u1ef9 n\u0103ng. Sinh vi\u00ean c\u1ea7n \u0111\u01b0\u1ee3c cung c\u1ea5p c\u00e1c ph\u01b0\u01a1ng ph\u00e1p, nguy\u00ean t\u1eafc v\u00e0 c\u00f4ng c\u1ee5 th\u00edch h\u1ee3p \u0111\u1ec3 r\u00e8n luy\u1ec7n v\u00e0 n\u00e2ng cao k\u1ef9 n\u0103ng c\u00e1c m\u00f4n th\u1ec3 thao d\u00e2n t\u1ed9c v\u00e0 tr\u00f2 ch\u01a1i d\u00e2n gian.<\/p>\n<p style=\"text-align: justify;\"><img loading=\"lazy\" decoding=\"async\" class=\"aligncenter wp-image-851 size-full\" src=\"http:\/\/thechat.demoweb.vip\/wp-content\/uploads\/2024\/03\/Untitled-28.png\" alt=\"\" width=\"626\" height=\"391\" srcset=\"https:\/\/ttgdtc.vnu.edu.vn\/wp-content\/uploads\/2024\/03\/Untitled-28.png 626w, https:\/\/ttgdtc.vnu.edu.vn\/wp-content\/uploads\/2024\/03\/Untitled-28-600x375.png 600w\" sizes=\"auto, (max-width: 626px) 100vw, 626px\" \/><\/p>\n<p style=\"text-align: justify;\">Trong n\u0103m 2023 ngo\u00e0i vi\u1ec7c chu\u1ea9n b\u1ecb c\u01a1 s\u1edf v\u1eadt ch\u1ea5t cho c\u00f4ng t\u00e1c gi\u1ea3ng d\u1ea1y t\u1ea1i 2 \u0111\u1ecba \u0111i\u1ec3m: 1 t\u1ea1i 182 L\u01b0\u01a1ng Th\u1ebf Vinh, 2 t\u1ea1i s\u1ed1 2 Ph\u1ea1m V\u0103n \u0110\u1ed3ng, Trung t\u00e2m c\u00f2n kh\u1ea3o s\u00e1t v\u00e0 chu\u1ea9n b\u1ecb th\u00eam c\u01a1 s\u1edf v\u1eadt ch\u1ea5t gi\u1ea3ng d\u1ea1y t\u1ea1i Trung t\u00e2m Gi\u00e1o d\u1ee5c Qu\u1ed1c ph\u00f2ng v\u00e0 An Ninh t\u1ea1i H\u00f2a L\u1ea1c v\u00e0 \u0111\u1eb7c bi\u1ec7t Trung t\u00e2m \u0111\u00e3 t\u1ed5 ch\u1ee9c khai tr\u01b0\u01a1ng Khu th\u1ec3 thao t\u1ea1i H\u00f2a L\u1ea1c (khu 4.6ha thu\u1ed9c QG-HN07) bao g\u1ed3m: 01 s\u00e2n b\u00f3ng \u0111\u00e1, 01 s\u00e2n b\u00f3ng r\u1ed5, 01 s\u00e2n b\u00f3ng chuy\u1ec1n v\u00e0 s\u00e2n t\u1eadp Golf 12 line.<\/p>\n<p style=\"text-align: justify;\">\u0110\u1ed3ng th\u1eddi t\u0103ng c\u01b0\u1eddng c\u01a1 s\u1edf v\u1eadt ch\u1ea5t trang thi\u00ea\u0301t bi\u0323 \u0111\u00e1p \u1ee9ng nhu c\u1ea7u c\u00f4ng vi\u1ec7c cho c\u00e1c ph\u00f2ng, b\u1ed9 m\u00f4n, ph\u1ee5c v\u1ee5 c\u00f4ng t\u00e1c gi\u1ea3ng d\u1ea1y, c\u00f4ng t\u00e1c ngo\u1ea1i kh\u00f3a; ph\u1ed1i k\u1ebft h\u1ee3p ch\u1eb7t ch\u1ebd v\u1edbi c\u00e1c \u0111\u01a1n v\u1ecb c\u00f3 li\u00ean quan trong c\u00f4ng t\u00e1c khai th\u00e1c v\u00e0 s\u1eed d\u1ee5ng c\u01a1 s\u1edf v\u1eadt ch\u1ea5t d\u00f9ng chung.<\/p>\n<p style=\"text-align: justify;\"><img loading=\"lazy\" decoding=\"async\" class=\"aligncenter wp-image-852 size-full\" src=\"http:\/\/thechat.demoweb.vip\/wp-content\/uploads\/2024\/03\/Untitled-29.png\" alt=\"\" width=\"626\" height=\"416\" srcset=\"https:\/\/ttgdtc.vnu.edu.vn\/wp-content\/uploads\/2024\/03\/Untitled-29.png 626w, https:\/\/ttgdtc.vnu.edu.vn\/wp-content\/uploads\/2024\/03\/Untitled-29-602x400.png 602w, https:\/\/ttgdtc.vnu.edu.vn\/wp-content\/uploads\/2024\/03\/Untitled-29-600x399.png 600w\" sizes=\"auto, (max-width: 626px) 100vw, 626px\" \/><\/p>\n<p style=\"text-align: justify;\">N\u0103m h\u1ecdc 2023-2024, Trung t\u00e2m \u0111\u1ea9y m\u1ea1nh \u201c\u0110\u1ed5i m\u1edbi c\u00f4ng t\u00e1c gi\u00e1o d\u1ee5c th\u1ec3 ch\u1ea5t v\u00e0 ho\u1ea1t \u0111\u1ed9ng th\u1ec3 thao\u201d theo \u0110\u1ec1 \u00e1n \u0111\u01b0\u1ee3c \u0110HQGHN ph\u00ea duy\u1ec7t, g\u1eafn v\u1edbi ph\u00e1t tri\u1ec3n v\u00e0 ph\u1ee5c v\u1ee5 c\u00e1c ho\u1ea1t \u0111\u1ed9ng th\u1ec3 d\u1ee5c th\u1ec3 thao cho c\u00e1n b\u1ed9 v\u00e0 sinh vi\u00ean t\u1ea1i Khu \u0110\u00f4 th\u1ecb \u0110HQGHN t\u1ea1i H\u00f2a L\u1ea1c. T\u00edch c\u1ef1c h\u01b0\u1edbng t\u1edbi \u0110\u1ea1i h\u1ecdc s\u1ed1 v\u1edbi s\u1ef1 hi\u1ec7n \u0111\u1ea1i h\u00f3a h\u1ea1 t\u1ea7ng C\u00f4ng ngh\u1ec7 th\u00f4ng tin theo ch\u1ec9 \u0111\u1ea1o c\u1ee7a \u0110HQGHN. Qu\u1ea3n l\u00fd v\u00e0 ph\u00e1t tri\u1ec3n t\u1ed1t Khu TDTT \u0110HQGHN t\u1ea1i H\u00f2a L\u1ea1c. Trong chi\u1ebfn l\u01b0\u1ee3c ph\u00e1t tri\u1ec3n Trung t\u00e2m \u0111\u1ebfn n\u0103m 2025, t\u1ea7m nh\u00ecn 2035, Trung t\u00e2m \u0111\u1ea9y m\u1ea1nh c\u00f4ng t\u00e1c NCKH th\u1ec3 d\u1ee5c th\u1ec3 thao c\u00f3 t\u00ednh d\u1ef1 b\u00e1o, g\u00f3p ph\u1ea7n gi\u1ea3i quy\u1ebft c\u00e1c v\u1ea5n \u0111\u1ec1 li\u00ean quan, ph\u1ee5c v\u1ee5 s\u1ef1 ph\u00e1t tri\u1ec3n chung c\u1ee7a \u0110HQGHN.<\/p>\n<p style=\"text-align: justify;\">Trung t\u00e2m ti\u1ebfp t\u1ee5c ph\u00e1t huy m\u1ecdi ngu\u1ed3n l\u1ef1c, t\u1ea1o b\u01b0\u1edbc \u0111\u1ed9t ph\u00e1 v\u1ec1 ch\u1ea5t l\u01b0\u1ee3ng gi\u1ea3ng d\u1ea1y, nghi\u00ean c\u1ee9u khoa h\u1ecdc, phong tr\u00e0o TDTT; \u0111o\u00e0n k\u1ebft, ph\u00e1t tri\u1ec3n \u0111\u1ed9i ng\u0169 c\u00e1n b\u1ed9 gi\u1ea3ng vi\u00ean.<\/p>\n<p style=\"text-align: justify;\">Ch\u01b0\u01a1ng tr\u00ecnh GDTC chu\u1ea9n c\u1ee7a \u0110HQGHN g\u1ed3m 25 \u0111\u1ec1 c\u01b0\u01a1ng m\u00f4n h\u1ecdc, ri\u00eang ch\u01b0\u01a1ng tr\u00ecnh cho sinh vi\u00ean h\u1ecdc t\u1ea1i H\u00f2a L\u1ea1c \u0111\u01b0\u1ee3c thi\u1ebft k\u1ebf 32 \u0111\u1ec1 c\u01b0\u01a1ng m\u00f4n h\u1ecdc. Trong \u0111\u00f3, c\u00e1c m\u00f4n th\u1ec3 thao d\u00e2n t\u1ed9c v\u00e0 tr\u00f2 ch\u01a1i d\u00e2n gian d\u1ef1 ki\u1ebfn s\u1ebd \u0111\u01b0\u1ee3c Trung t\u00e2m Gi\u00e1o d\u1ee5c Th\u1ec3 ch\u1ea5t v\u00e0 Th\u1ec3 thao \u0111\u01b0a v\u00e0o gi\u1ea3ng d\u1ea1y g\u1ed3m c\u00f3: V\u00f5 c\u1ed5 truy\u1ec1n, b\u1eafn cung, nh\u1ea3y s\u1ea1p, \u0111ua thuy\u1ec1n, n\u00e9m c\u00f2n, k\u00e9o co, \u0111\u1ea9y g\u1eady, \u0111i c\u00e0 kheo\u2026 \u0110HQGHN x\u00e1c \u0111\u1ecbnh m\u00f4 h\u00ecnh gi\u00e1o d\u1ee5c to\u00e0n di\u1ec7n cho sinh vi\u00ean \u0110HQGHN tr\u00ean khu \u0111\u00f4 th\u1ecb \u0110HQGHN t\u1ea1i H\u00f2a L\u1ea1c g\u1ed3m 3 to\u00e0n di\u1ec7n KH\u1eceE V\u1ec0 TH\u1ec2 CH\u1ea4T \u2013 M\u1ea0NH V\u1ec0 TINH TH\u1ea6N \u2013 GI\u1eceI V\u1ec0 K\u1ef8 N\u0102NG X\u00c3 H\u1ed8I.<\/p>\n<p style=\"text-align: justify;\">\u0110\u1ebfn nay, m\u1ed7i n\u0103m Trung t\u00e2m th\u1ef1c hi\u1ec7n gi\u1ea3ng d\u1ea1y cho kho\u1ea3ng 50.000 l\u01b0\u1ee3t sinh vi\u00ean h\u1ec7 ch\u00ednh quy c\u1ee7a c\u00e1c \u0111\u01a1n v\u1ecb \u0111\u00e0o t\u1ea1o th\u00e0nh vi\u00ean v\u00e0 tr\u1ef1c thu\u1ed9c. Trung t\u00e2m c\u0169ng \u0111\u00e3 \u0111\u1ea1t \u0111\u01b0\u1ee3c nhi\u1ec1u b\u1eb1ng khen c\u1ea5p \u0110\u1ea1i h\u1ecdc Qu\u1ed1c gia H\u00e0 N\u1ed9i v\u00e0 c\u1ee7a B\u1ed9 v\u0103n h\u00f3a th\u1ec3 thao du l\u1ecbch. Trong th\u1eddi gian di\u1ec5n ra d\u1ecbch b\u1ec7nh covid, Trung t\u00e2m Gi\u00e1o d\u1ee5c Th\u1ec3 ch\u1ea5t v\u00e0 Th\u1ec3 thao, \u0110HQGHN l\u00e0 m\u1ed9t trong nh\u1eefng \u0111\u01a1n v\u1ecb ti\u00ean phong tr\u00ean c\u1ea3 n\u01b0\u1edbc gi\u1ea3ng d\u1ea1y m\u00f4n h\u1ecdc gi\u00e1o d\u1ee5c th\u1ec3 ch\u1ea5t online. B\u00ean c\u1ea1nh \u0111\u00f3, Trung t\u00e2m c\u0169ng \u0111\u00e3 x\u00e2y d\u1ef1ng k\u00eanh Youtube ThethaoVNU v\u00e0 s\u1ed1 h\u00f3a to\u00e0n b\u1ed9 b\u00e0i gi\u1ea3ng m\u00f4n h\u1ecdc GDTC \u0111\u0103ng t\u1ea3i l\u00ean k\u00eanh. To\u00e0n b\u1ed9 c\u00e1c b\u00e0i gi\u1ea3ng s\u1ed1 h\u00f3a \u0111\u00e3 \u0111\u01b0\u1ee3c sinh vi\u00ean \u0110HQGHN n\u00f3i ri\u00eang v\u00e0 sinh vi\u00ean c\u1ea3 n\u01b0\u1edbc n\u00f3i chung \u0111\u00f3n nh\u1eadn m\u1ed9t c\u00e1ch t\u00edch c\u1ef1c. \u0110\u1eb7c bi\u1ec7t, Trung t\u00e2m Gi\u00e1o d\u1ee5c Th\u1ec3 ch\u1ea5t v\u00e0 Th\u1ec3 thao c\u0169ng l\u00e0 m\u1ed9t trong nh\u1eefng \u0111\u01a1n v\u1ecb \u0111\u00e0o t\u1ea1o c\u00f4ng l\u1eadp \u0111\u1ea7u ti\u00ean tr\u00ean c\u1ea3 n\u01b0\u1edbc \u0111\u01b0a m\u00f4n golf v\u00e0o gi\u1ea3ng d\u1ea1y cho sinh vi\u00ean \u0110HQGHN.<\/p>\n<p style=\"text-align: justify;\">C\u00e1c l\u1edbp h\u1ecdc Gi\u00e1o d\u1ee5c th\u1ec3 ch\u1ea5t theo ch\u01b0\u01a1ng tr\u00ecnh ph\u00e1t tri\u1ec3n to\u00e0n di\u1ec7n cho sinh vi\u00ean \u0110HQGHN t\u1ea1i H\u00f2a L\u1ea1c \u0111\u01b0\u1ee3c c\u01a1 c\u1ea5u theo m\u00f4 h\u00ecnh c\u00e2u l\u1ea1c b\u1ed9 v\u00e0 \u0111\u01b0\u1ee3c t\u1ed5 ch\u1ee9c gi\u1ea3ng d\u1ea1y theo h\u00ecnh th\u1ee9c \u0111\u1ed9i nh\u00f3m nh\u1eb1m ph\u00e1t tri\u1ec3n n\u0103ng l\u1ef1c s\u1edf tr\u01b0\u1eddng, t\u1ea1o h\u1ee9ng th\u00fa, duy tr\u00ec th\u00f3i quen t\u1eadp luy\u1ec7n th\u01b0\u1eddng xuy\u00ean. Vi\u1ec7c ki\u1ec3m tra \u0111\u00e1nh gi\u00e1 s\u1ebd \u0111\u01b0\u1ee3c t\u1ed5 ch\u1ee9c theo h\u00ecnh th\u1ee9c thi \u0111\u1ea5u, bi\u1ec3u di\u1ec5n \u0111\u1ed9i nh\u00f3m, nh\u1eb1m ph\u00e1t tri\u1ec3n kh\u1ea3 n\u0103ng ph\u1ed1i h\u1ee3p, t\u00ednh s\u00e1ng t\u1ea1o c\u1ee7a sinh vi\u00ean. \u0110\u1eb7c bi\u1ec7t \u01b0u ti\u00ean ph\u00e1t tri\u1ec3n v\u00f5 c\u1ed5 truy\u1ec1n v\u00e0 c\u00e1c m\u00f4n th\u1ec3 thao d\u00e2n t\u1ed9c; Khuy\u1ebfn kh\u00edch, t\u1ea1o \u0111i\u1ec1u ki\u1ec7n thu\u1eadn l\u1ee3i \u0111\u1ec3 ph\u00e1t tri\u1ec3n m\u00f4n v\u00f5 c\u1ed5 truy\u1ec1n v\u00e0 c\u00e1c m\u00f4n th\u1ec3 thao d\u00e2n t\u1ed9c; th\u00e0nh l\u1eadp c\u00e2u l\u1ea1c b\u1ed9 th\u1ec3 thao c\u1ee7a h\u1ecdc sinh, sinh vi\u00ean.<\/p>\n<p style=\"text-align: justify;\">Vi\u1ec7c \u0111\u01b0a c\u00e1c m\u00f4n th\u1ec3 thao d\u00e2n t\u1ed9c v\u00e0 tr\u00f2 ch\u01a1i d\u00e2n gian v\u00e0o ch\u01b0\u01a1ng tr\u00ecnh gi\u00e1o d\u1ee5c th\u1ec3 ch\u1ea5t cho sinh vi\u00ean \u0110HQGHN \u0111\u00e3 \u0111\u01b0\u1ee3c Trung t\u00e2m ph\u00e2n \u0111\u1ecbnh r\u00f5 m\u1ee5c ti\u00eau h\u1ecdc t\u1eadp l\u00e0 x\u00e1c \u0111\u1ecbnh m\u1ee5c ti\u00eau c\u1ee7a c\u00e1c m\u00f4n th\u1ec3 thao d\u00e2n t\u1ed9c v\u00e0 tr\u00f2 ch\u01a1i d\u00e2n gian trong ch\u01b0\u01a1ng tr\u00ecnh. N\u00e2ng cao hi\u1ec3u bi\u1ebft v\u1ec1 c\u00e1c m\u00f4n th\u1ec3 thao d\u00e2n t\u1ed9c v\u00e0 tr\u00f2 ch\u01a1i d\u00e2n gian. Cung c\u1ea5p ki\u1ebfn th\u1ee9c c\u01a1 b\u1ea3n v\u1ec1 l\u1ecbch s\u1eed, t\u01b0 t\u01b0\u1edfng tri\u1ebft h\u1ecdc, gi\u00e1 tr\u1ecb v\u0103n h\u00f3a v\u00e0 nh\u1eefng nguy\u00ean l\u00fd c\u0103n b\u1ea3n trong c\u00e1c m\u00f4n th\u1ec3 thao d\u00e2n t\u1ed9c v\u00e0 tr\u00f2 ch\u01a1i d\u00e2n gian. \u0110i\u1ec1u n\u00e0y gi\u00fap sinh vi\u00ean hi\u1ec3u v\u1ec1 ngu\u1ed3n g\u1ed1c, \u00fd ngh\u0129a v\u00e0 v\u0103n h\u00f3a c\u1ee7a c\u00e1c m\u00f4n th\u1ec3 thao d\u00e2n t\u1ed9c v\u00e0 tr\u00f2 ch\u01a1i d\u00e2n gian, c\u0169ng nh\u01b0 c\u00f3 kh\u1ea3 n\u0103ng th\u1ef1c h\u00e0nh v\u00e0 r\u00e8n luy\u1ec7n k\u1ef9 n\u0103ng. Sinh vi\u00ean c\u1ea7n \u0111\u01b0\u1ee3c cung c\u1ea5p c\u00e1c ph\u01b0\u01a1ng ph\u00e1p, nguy\u00ean t\u1eafc v\u00e0 c\u00f4ng c\u1ee5 th\u00edch h\u1ee3p \u0111\u1ec3 r\u00e8n luy\u1ec7n v\u00e0 n\u00e2ng cao k\u1ef9 n\u0103ng c\u00e1c m\u00f4n th\u1ec3 thao d\u00e2n t\u1ed9c v\u00e0 tr\u00f2 ch\u01a1i d\u00e2n gian.<\/p>\n<p style=\"text-align: justify;\">Trong n\u0103m 2023 ngo\u00e0i vi\u1ec7c chu\u1ea9n b\u1ecb c\u01a1 s\u1edf v\u1eadt ch\u1ea5t cho c\u00f4ng t\u00e1c gi\u1ea3ng d\u1ea1y t\u1ea1i 2 \u0111\u1ecba \u0111i\u1ec3m: 1 t\u1ea1i 182 L\u01b0\u01a1ng Th\u1ebf Vinh, 2 t\u1ea1i s\u1ed1 2 Ph\u1ea1m V\u0103n \u0110\u1ed3ng, Trung t\u00e2m c\u00f2n kh\u1ea3o s\u00e1t v\u00e0 chu\u1ea9n b\u1ecb th\u00eam c\u01a1 s\u1edf v\u1eadt ch\u1ea5t gi\u1ea3ng d\u1ea1y t\u1ea1i Trung t\u00e2m Gi\u00e1o d\u1ee5c Qu\u1ed1c ph\u00f2ng v\u00e0 An Ninh t\u1ea1i H\u00f2a L\u1ea1c v\u00e0 \u0111\u1eb7c bi\u1ec7t Trung t\u00e2m \u0111\u00e3 t\u1ed5 ch\u1ee9c khai tr\u01b0\u01a1ng Khu th\u1ec3 thao t\u1ea1i H\u00f2a L\u1ea1c (khu 4.6ha thu\u1ed9c QG-HN07) bao g\u1ed3m: 01 s\u00e2n b\u00f3ng \u0111\u00e1, 01 s\u00e2n b\u00f3ng r\u1ed5, 01 s\u00e2n b\u00f3ng chuy\u1ec1n v\u00e0 s\u00e2n t\u1eadp Golf 12 line.<\/p>\n<p style=\"text-align: justify;\">\u0110\u1ed3ng th\u1eddi t\u0103ng c\u01b0\u1eddng c\u01a1 s\u1edf v\u1eadt ch\u1ea5t trang thi\u00ea\u0301t bi\u0323 \u0111\u00e1p \u1ee9ng nhu c\u1ea7u c\u00f4ng vi\u1ec7c cho c\u00e1c ph\u00f2ng, b\u1ed9 m\u00f4n, ph\u1ee5c v\u1ee5 c\u00f4ng t\u00e1c gi\u1ea3ng d\u1ea1y, c\u00f4ng t\u00e1c ngo\u1ea1i kh\u00f3a; ph\u1ed1i k\u1ebft h\u1ee3p ch\u1eb7t ch\u1ebd v\u1edbi c\u00e1c \u0111\u01a1n v\u1ecb c\u00f3 li\u00ean quan trong c\u00f4ng t\u00e1c khai th\u00e1c v\u00e0 s\u1eed d\u1ee5ng c\u01a1 s\u1edf v\u1eadt ch\u1ea5t d\u00f9ng chung.<\/p>\n<p style=\"text-align: justify;\">N\u0103m h\u1ecdc 2023-2024, Trung t\u00e2m \u0111\u1ea9y m\u1ea1nh \u201c\u0110\u1ed5i m\u1edbi c\u00f4ng t\u00e1c gi\u00e1o d\u1ee5c th\u1ec3 ch\u1ea5t v\u00e0 ho\u1ea1t \u0111\u1ed9ng th\u1ec3 thao\u201d theo \u0110\u1ec1 \u00e1n \u0111\u01b0\u1ee3c \u0110HQGHN ph\u00ea duy\u1ec7t, g\u1eafn v\u1edbi ph\u00e1t tri\u1ec3n v\u00e0 ph\u1ee5c v\u1ee5 c\u00e1c ho\u1ea1t \u0111\u1ed9ng th\u1ec3 d\u1ee5c th\u1ec3 thao cho c\u00e1n b\u1ed9 v\u00e0 sinh vi\u00ean t\u1ea1i Khu \u0110\u00f4 th\u1ecb \u0110HQGHN t\u1ea1i H\u00f2a L\u1ea1c. T\u00edch c\u1ef1c h\u01b0\u1edbng t\u1edbi \u0110\u1ea1i h\u1ecdc s\u1ed1 v\u1edbi s\u1ef1 hi\u1ec7n \u0111\u1ea1i h\u00f3a h\u1ea1 t\u1ea7ng C\u00f4ng ngh\u1ec7 th\u00f4ng tin theo ch\u1ec9 \u0111\u1ea1o c\u1ee7a \u0110HQGHN. Qu\u1ea3n l\u00fd v\u00e0 ph\u00e1t tri\u1ec3n t\u1ed1t Khu TDTT \u0110HQGHN t\u1ea1i H\u00f2a L\u1ea1c. Trong chi\u1ebfn l\u01b0\u1ee3c ph\u00e1t tri\u1ec3n Trung t\u00e2m \u0111\u1ebfn n\u0103m 2025, t\u1ea7m nh\u00ecn 2035, Trung t\u00e2m \u0111\u1ea9y m\u1ea1nh c\u00f4ng t\u00e1c NCKH th\u1ec3 d\u1ee5c th\u1ec3 thao c\u00f3 t\u00ednh d\u1ef1 b\u00e1o, g\u00f3p ph\u1ea7n gi\u1ea3i quy\u1ebft c\u00e1c v\u1ea5n \u0111\u1ec1 li\u00ean quan, ph\u1ee5c v\u1ee5 s\u1ef1 ph\u00e1t tri\u1ec3n chung c\u1ee7a \u0110HQGHN.<\/p>\n<p style=\"text-align: justify;\">Trung t\u00e2m ti\u1ebfp t\u1ee5c ph\u00e1t huy m\u1ecdi ngu\u1ed3n l\u1ef1c, t\u1ea1o b\u01b0\u1edbc \u0111\u1ed9t ph\u00e1 v\u1ec1 ch\u1ea5t l\u01b0\u1ee3ng gi\u1ea3ng d\u1ea1y, nghi\u00ean c\u1ee9u khoa h\u1ecdc, phong tr\u00e0o TDTT; \u0111o\u00e0n k\u1ebft, ph\u00e1t tri\u1ec3n \u0111\u1ed9i ng\u0169 c\u00e1n b\u1ed9 gi\u1ea3ng vi\u00ean.<\/p>\n\t\t<\/div>\n\t\t\t\t\t<\/div>\n\n\t\n\n\t<div id=\"col-1441411892\" class=\"col hide-for-medium medium-2 small-12 large-2\"  >\n\t\t\t\t<div class=\"col-inner\"  >\n\t\t\t\n\t\t\t\n\t\t<\/div>\n\t\t\t\t\t<\/div>\n\n\t\n<\/div>\n<div class=\"row\"  id=\"row-2032787973\">\n\n\t<div id=\"col-242563114\" class=\"col small-12 large-12\"  >\n\t\t\t\t<div class=\"col-inner\"  >\n\t\t\t\n\t\t\t\n\t\t<\/div>\n\t\t\t\t\t<\/div>\n\n\t\n<\/div>\n\t\t<\/div>\n\n\t\t\n<style>\n#section_1993022228 {\n  padding-top: 30px;\n  padding-bottom: 30px;\n}\n#section_1993022228 .ux-shape-divider--top svg {\n  height: 150px;\n  --divider-top-width: 100%;\n}\n#section_1993022228 .ux-shape-divider--bottom svg {\n  height: 150px;\n  --divider-width: 100%;\n}\n<\/style>\n\t<\/section>\n\t\n","protected":false},"excerpt":{"rendered":"","protected":false},"author":1,"featured_media":0,"parent":0,"menu_order":0,"comment_status":"closed","ping_status":"closed","template":"page-blank.php","meta":{"passster_activate_protection":false,"passster_protect_child_pages":"","passster_protection_type":"password","passster_password":"","passster_activate_overwrite_defaults":"","passster_headline":"","passster_instruction":"","passster_placeholder":"","passster_button":"","passster_id":"","passster_activate_misc_settings":"","passster_redirect_url":"","passster_hide":"no","passster_area_shortcode":"","footnotes":""},"class_list":["post-844","page","type-page","status-publish","hentry"],"_links":{"self":[{"href":"https:\/\/ttgdtc.vnu.edu.vn\/en\/wp-json\/wp\/v2\/pages\/844","targetHints":{"allow":["GET"]}}],"collection":[{"href":"https:\/\/ttgdtc.vnu.edu.vn\/en\/wp-json\/wp\/v2\/pages"}],"about":[{"href":"https:\/\/ttgdtc.vnu.edu.vn\/en\/wp-json\/wp\/v2\/types\/page"}],"author":[{"embeddable":true,"href":"https:\/\/ttgdtc.vnu.edu.vn\/en\/wp-json\/wp\/v2\/users\/1"}],"replies":[{"embeddable":true,"href":"https:\/\/ttgdtc.vnu.edu.vn\/en\/wp-json\/wp\/v2\/comments?post=844"}],"version-history":[{"count":4,"href":"https:\/\/ttgdtc.vnu.edu.vn\/en\/wp-json\/wp\/v2\/pages\/844\/revisions"}],"predecessor-version":[{"id":855,"href":"https:\/\/ttgdtc.vnu.edu.vn\/en\/wp-json\/wp\/v2\/pages\/844\/revisions\/855"}],"wp:attachment":[{"href":"https:\/\/ttgdtc.vnu.edu.vn\/en\/wp-json\/wp\/v2\/media?parent=844"}],"curies":[{"name":"wp","href":"https:\/\/api.w.org\/{rel}","templated":true}]}}