{"id":806,"date":"2024-03-27T02:08:51","date_gmt":"2024-03-27T02:08:51","guid":{"rendered":"https:\/\/thechat.demoweb.vip\/?page_id=806"},"modified":"2024-03-27T02:08:51","modified_gmt":"2024-03-27T02:08:51","slug":"bai-bao-bao-cao-kh","status":"publish","type":"page","link":"https:\/\/ttgdtc.vnu.edu.vn\/zh\/bai-bao-bao-cao-kh\/","title":{"rendered":"B\u00e0i b\u00e1o, b\u00e1o c\u00e1o KH"},"content":{"rendered":"","protected":false},"excerpt":{"rendered":"","protected":false},"author":1,"featured_media":0,"parent":0,"menu_order":0,"comment_status":"closed","ping_status":"closed","template":"page-blank.php","meta":{"passster_activate_protection":false,"passster_protect_child_pages":"","passster_protection_type":"password","passster_password":"","passster_activate_overwrite_defaults":"","passster_headline":"","passster_instruction":"","passster_placeholder":"","passster_button":"","passster_id":"","passster_activate_misc_settings":"","passster_redirect_url":"","passster_hide":"no","passster_area_shortcode":"","footnotes":""},"class_list":["post-806","page","type-page","status-publish","hentry"],"_links":{"self":[{"href":"https:\/\/ttgdtc.vnu.edu.vn\/zh\/wp-json\/wp\/v2\/pages\/806","targetHints":{"allow":["GET"]}}],"collection":[{"href":"https:\/\/ttgdtc.vnu.edu.vn\/zh\/wp-json\/wp\/v2\/pages"}],"about":[{"href":"https:\/\/ttgdtc.vnu.edu.vn\/zh\/wp-json\/wp\/v2\/types\/page"}],"author":[{"embeddable":true,"href":"https:\/\/ttgdtc.vnu.edu.vn\/zh\/wp-json\/wp\/v2\/users\/1"}],"replies":[{"embeddable":true,"href":"https:\/\/ttgdtc.vnu.edu.vn\/zh\/wp-json\/wp\/v2\/comments?post=806"}],"version-history":[{"count":1,"href":"https:\/\/ttgdtc.vnu.edu.vn\/zh\/wp-json\/wp\/v2\/pages\/806\/revisions"}],"predecessor-version":[{"id":807,"href":"https:\/\/ttgdtc.vnu.edu.vn\/zh\/wp-json\/wp\/v2\/pages\/806\/revisions\/807"}],"wp:attachment":[{"href":"https:\/\/ttgdtc.vnu.edu.vn\/zh\/wp-json\/wp\/v2\/media?parent=806"}],"curies":[{"name":"wp","href":"https:\/\/api.w.org\/{rel}","templated":true}]}}